{"id":3014,"date":"2022-03-30T18:07:40","date_gmt":"2022-03-30T16:07:40","guid":{"rendered":"https:\/\/corknplay.com\/product\/cub-personalitzat\/"},"modified":"2022-03-30T18:44:25","modified_gmt":"2022-03-30T16:44:25","slug":"cub-personalitzat","status":"publish","type":"product","link":"https:\/\/corknplay.com\/es\/producto\/cub-personalitzat\/","title":{"rendered":"Cubo personalizado"},"content":{"rendered":"<p><span style=\"color: #aaa69b;\">Cubos personalizados para un regalo de los padrinos. Si t\u00fa tambi\u00e9n quieres personalizar cualquier producto de nuestro cat\u00e1logo env\u00edanos un mail a info@corknplay.com&#8221;><span style=\"color: #868378;\">info@corknplay.com<\/span><\/a><\/p>\n","protected":false},"excerpt":{"rendered":"<p>Cubos personalizados para un regalo de los padrinos. Si t\u00fa tambi\u00e9n quieres personalizar cualquier producto de nuestro cat\u00e1logo env\u00edanos un mail a info@corknplay.com<\/p>\n","protected":false},"featured_media":3005,"comment_status":"open","ping_status":"closed","template":"","meta":[],"product_cat":[86],"product_tag":[],"class_list":["post-3014","product","type-product","status-publish","has-post-thumbnail","hentry","product_cat-personaliza"],"_links":{"self":[{"href":"https:\/\/corknplay.com\/es\/wp-json\/wp\/v2\/product\/3014","targetHints":{"allow":["GET"]}}],"collection":[{"href":"https:\/\/corknplay.com\/es\/wp-json\/wp\/v2\/product"}],"about":[{"href":"https:\/\/corknplay.com\/es\/wp-json\/wp\/v2\/types\/product"}],"replies":[{"embeddable":true,"href":"https:\/\/corknplay.com\/es\/wp-json\/wp\/v2\/comments?post=3014"}],"wp:featuredmedia":[{"embeddable":true,"href":"https:\/\/corknplay.com\/es\/wp-json\/wp\/v2\/media\/3005"}],"wp:attachment":[{"href":"https:\/\/corknplay.com\/es\/wp-json\/wp\/v2\/media?parent=3014"}],"wp:term":[{"taxonomy":"product_cat","embeddable":true,"href":"https:\/\/corknplay.com\/es\/wp-json\/wp\/v2\/product_cat?post=3014"},{"taxonomy":"product_tag","embeddable":true,"href":"https:\/\/corknplay.com\/es\/wp-json\/wp\/v2\/product_tag?post=3014"}],"curies":[{"name":"wp","href":"https:\/\/api.w.org\/{rel}","templated":true}]}}