{"id":2969,"date":"2021-12-02T16:05:11","date_gmt":"2021-12-02T14:05:11","guid":{"rendered":"https:\/\/corknplay.com\/?post_type=product&#038;p=2969"},"modified":"2022-03-01T21:48:58","modified_gmt":"2022-03-01T19:48:58","slug":"animals-memory","status":"publish","type":"product","link":"https:\/\/corknplay.com\/es\/producto\/animals-memory\/","title":{"rendered":"Animals memory"},"content":{"rendered":"<p>Medida piezas: 90x90x10 mm<\/p>\n<p>El juego consiste en girar las piezas y memorizar el animal que aparece. Haz parejas de animales iguales y elimina todas las piezas de la mesa. Un juego de atenci\u00f3n y concentraci\u00f3n para entrenar tu memoria recordando los animales que hay en las piezas. Animales: conejo, cerdo, elefante, le\u00f3n y jirafa. <\/p>\n<p>Atenci\u00f3n: el embalaje no es parte del juguete y, por motivos de Seguridad, debe retirarse siempre antes de entregar el juguete al ni\u00f1o.<br \/>\nEdad recomendada: 24m+<\/p>\n","protected":false},"excerpt":{"rendered":"<p><strong>Animals memory<\/strong><\/p>\n<p>El juego consiste en girar las piezas y memorizar el animal que aparece.<\/p>\n","protected":false},"featured_media":3084,"comment_status":"open","ping_status":"closed","template":"","meta":[],"product_cat":[85],"product_tag":[],"class_list":["post-2969","product","type-product","status-publish","has-post-thumbnail","hentry","product_cat-kids-es"],"_links":{"self":[{"href":"https:\/\/corknplay.com\/es\/wp-json\/wp\/v2\/product\/2969","targetHints":{"allow":["GET"]}}],"collection":[{"href":"https:\/\/corknplay.com\/es\/wp-json\/wp\/v2\/product"}],"about":[{"href":"https:\/\/corknplay.com\/es\/wp-json\/wp\/v2\/types\/product"}],"replies":[{"embeddable":true,"href":"https:\/\/corknplay.com\/es\/wp-json\/wp\/v2\/comments?post=2969"}],"wp:featuredmedia":[{"embeddable":true,"href":"https:\/\/corknplay.com\/es\/wp-json\/wp\/v2\/media\/3084"}],"wp:attachment":[{"href":"https:\/\/corknplay.com\/es\/wp-json\/wp\/v2\/media?parent=2969"}],"wp:term":[{"taxonomy":"product_cat","embeddable":true,"href":"https:\/\/corknplay.com\/es\/wp-json\/wp\/v2\/product_cat?post=2969"},{"taxonomy":"product_tag","embeddable":true,"href":"https:\/\/corknplay.com\/es\/wp-json\/wp\/v2\/product_tag?post=2969"}],"curies":[{"name":"wp","href":"https:\/\/api.w.org\/{rel}","templated":true}]}}