{"id":2935,"date":"2022-02-22T12:01:24","date_gmt":"2022-02-22T10:01:24","guid":{"rendered":"https:\/\/corknplay.com\/?post_type=product&#038;p=2935"},"modified":"2022-02-22T12:01:24","modified_gmt":"2022-02-22T10:01:24","slug":"ioga-mat-personalizada","status":"publish","type":"product","link":"https:\/\/corknplay.com\/es\/producto\/ioga-mat-personalizada\/","title":{"rendered":"Ioga Mat personalizada"},"content":{"rendered":"<p>Yoga mat personalizada con el logo de uno de nuestros clientes. Si t\u00fa tambi\u00e9n quieres personalizar tus productos de yoga env\u00edanos un mail a info@corknplay.com<\/p>\n","protected":false},"excerpt":{"rendered":"<p><strong>Ioga mat personalizada<\/strong><\/p>\n<p>Yoga mat personalizada con el logo de uno de nuestros clientes. Si t\u00fa tambi\u00e9n quieres personalizar tus productos de yoga env\u00edanos un mail a info@corknplay.com<\/p>\n","protected":false},"featured_media":2930,"comment_status":"open","ping_status":"closed","template":"","meta":[],"product_cat":[86],"product_tag":[],"class_list":["post-2935","product","type-product","status-publish","has-post-thumbnail","hentry","product_cat-personaliza"],"_links":{"self":[{"href":"https:\/\/corknplay.com\/es\/wp-json\/wp\/v2\/product\/2935","targetHints":{"allow":["GET"]}}],"collection":[{"href":"https:\/\/corknplay.com\/es\/wp-json\/wp\/v2\/product"}],"about":[{"href":"https:\/\/corknplay.com\/es\/wp-json\/wp\/v2\/types\/product"}],"replies":[{"embeddable":true,"href":"https:\/\/corknplay.com\/es\/wp-json\/wp\/v2\/comments?post=2935"}],"wp:featuredmedia":[{"embeddable":true,"href":"https:\/\/corknplay.com\/es\/wp-json\/wp\/v2\/media\/2930"}],"wp:attachment":[{"href":"https:\/\/corknplay.com\/es\/wp-json\/wp\/v2\/media?parent=2935"}],"wp:term":[{"taxonomy":"product_cat","embeddable":true,"href":"https:\/\/corknplay.com\/es\/wp-json\/wp\/v2\/product_cat?post=2935"},{"taxonomy":"product_tag","embeddable":true,"href":"https:\/\/corknplay.com\/es\/wp-json\/wp\/v2\/product_tag?post=2935"}],"curies":[{"name":"wp","href":"https:\/\/api.w.org\/{rel}","templated":true}]}}