{"id":2691,"date":"2021-10-08T10:20:33","date_gmt":"2021-10-08T08:20:33","guid":{"rendered":"https:\/\/corknplay.com\/product\/pack-yoga-block-gran\/"},"modified":"2021-12-12T19:52:00","modified_gmt":"2021-12-12T17:52:00","slug":"pack-yoga-block-grande","status":"publish","type":"product","link":"https:\/\/corknplay.com\/es\/producto\/pack-yoga-block-grande\/","title":{"rendered":"Pack Yoga Block Grande"},"content":{"rendered":"<p>Medidas: 23x15x10<br \/>\nPeso: 537 gramos unidad<br \/>\nCantidad: 2<\/p>\n<p>Para la pr\u00e1ctica del yoga proporciona la estabilidad necesaria para conseguir un mejor equilibrio, una alineaci\u00f3n apropiada y unas posturas m\u00e1s profundas.<\/p>\n<p>La superficie lisa del block hace que sea m\u00e1s f\u00e1cil de agarrar e impide que resbale.<\/p>\n<p>Las esquinas redondeadas evitan los puntos de presi\u00f3n y aseguran que los blocks se adaptan bien a tus manos.       <\/p>\n","protected":false},"excerpt":{"rendered":"<p><strong>Pack Yoga Block Grande<\/strong><\/p>\n<p>Para la pr\u00e1ctica del yoga proporciona la estabilidad necesaria para conseguir un mejor equilibrio, una alineaci\u00f3n apropiada y unas posturas m\u00e1s profundas.<\/p>\n","protected":false},"featured_media":2924,"comment_status":"open","ping_status":"closed","template":"","meta":[],"product_cat":[84],"product_tag":[],"class_list":["post-2691","product","type-product","status-publish","has-post-thumbnail","hentry","product_cat-yoga-es"],"_links":{"self":[{"href":"https:\/\/corknplay.com\/es\/wp-json\/wp\/v2\/product\/2691","targetHints":{"allow":["GET"]}}],"collection":[{"href":"https:\/\/corknplay.com\/es\/wp-json\/wp\/v2\/product"}],"about":[{"href":"https:\/\/corknplay.com\/es\/wp-json\/wp\/v2\/types\/product"}],"replies":[{"embeddable":true,"href":"https:\/\/corknplay.com\/es\/wp-json\/wp\/v2\/comments?post=2691"}],"wp:featuredmedia":[{"embeddable":true,"href":"https:\/\/corknplay.com\/es\/wp-json\/wp\/v2\/media\/2924"}],"wp:attachment":[{"href":"https:\/\/corknplay.com\/es\/wp-json\/wp\/v2\/media?parent=2691"}],"wp:term":[{"taxonomy":"product_cat","embeddable":true,"href":"https:\/\/corknplay.com\/es\/wp-json\/wp\/v2\/product_cat?post=2691"},{"taxonomy":"product_tag","embeddable":true,"href":"https:\/\/corknplay.com\/es\/wp-json\/wp\/v2\/product_tag?post=2691"}],"curies":[{"name":"wp","href":"https:\/\/api.w.org\/{rel}","templated":true}]}}