{"id":2687,"date":"2021-10-07T13:45:20","date_gmt":"2021-10-07T11:45:20","guid":{"rendered":"https:\/\/corknplay.com\/product\/yoga-mat\/"},"modified":"2021-12-12T19:47:22","modified_gmt":"2021-12-12T17:47:22","slug":"yoga-mat","status":"publish","type":"product","link":"https:\/\/corknplay.com\/es\/producto\/yoga-mat\/","title":{"rendered":"Yoga Mat"},"content":{"rendered":"<p>Medidas: 185x61x0,6<br \/>\nPeso: 517 gramos<\/p>\n<p>La esterilla de yoga est\u00e1 dise\u00f1ada para cualquier practicante de yoga o pilates. Tambi\u00e9n sirve para hacer ejercicios de calentamiento o estiramientos de  cualquier deporte gracias a su grosor de 6mm  y a su tacto suave.<\/p>\n<p>Al ser fabricada de corcho natural absorbe el sudor y  es totalmente anti-deslizante. No se acumula polvo y es anti-bacterias.<\/p>\n<p>La parte inferior de espuma  hace que no haya fricci\u00f3n con el suelo y se pueda disfrutar en cualquier sitio.<\/p>\n","protected":false},"excerpt":{"rendered":"<p><strong>Yoga Mat<\/strong><\/p>\n<p>La esterilla de yoga est\u00e1 dise\u00f1ada para cualquier practicante de yoga o pilates. <\/p>\n","protected":false},"featured_media":3021,"comment_status":"open","ping_status":"closed","template":"","meta":[],"product_cat":[89,84],"product_tag":[],"class_list":["post-2687","product","type-product","status-publish","has-post-thumbnail","hentry","product_cat-destacados-yoga","product_cat-yoga-es"],"_links":{"self":[{"href":"https:\/\/corknplay.com\/es\/wp-json\/wp\/v2\/product\/2687","targetHints":{"allow":["GET"]}}],"collection":[{"href":"https:\/\/corknplay.com\/es\/wp-json\/wp\/v2\/product"}],"about":[{"href":"https:\/\/corknplay.com\/es\/wp-json\/wp\/v2\/types\/product"}],"replies":[{"embeddable":true,"href":"https:\/\/corknplay.com\/es\/wp-json\/wp\/v2\/comments?post=2687"}],"wp:featuredmedia":[{"embeddable":true,"href":"https:\/\/corknplay.com\/es\/wp-json\/wp\/v2\/media\/3021"}],"wp:attachment":[{"href":"https:\/\/corknplay.com\/es\/wp-json\/wp\/v2\/media?parent=2687"}],"wp:term":[{"taxonomy":"product_cat","embeddable":true,"href":"https:\/\/corknplay.com\/es\/wp-json\/wp\/v2\/product_cat?post=2687"},{"taxonomy":"product_tag","embeddable":true,"href":"https:\/\/corknplay.com\/es\/wp-json\/wp\/v2\/product_tag?post=2687"}],"curies":[{"name":"wp","href":"https:\/\/api.w.org\/{rel}","templated":true}]}}