{"id":2681,"date":"2021-10-07T13:30:01","date_gmt":"2021-10-07T11:30:01","guid":{"rendered":"https:\/\/corknplay.com\/product\/yoga-tronc\/"},"modified":"2022-03-11T16:43:31","modified_gmt":"2022-03-11T14:43:31","slug":"yoga-tronco","status":"publish","type":"product","link":"https:\/\/corknplay.com\/es\/producto\/yoga-tronco\/","title":{"rendered":"Yoga Tronco"},"content":{"rendered":"<p>Medidas: 50x15x7,5<br \/>\nPeso:<br \/>\nPie &gt; 40<\/p>\n<p>M\u00e9todo propioceptivo para la rehabilitaci\u00f3n, tonificaci\u00f3n y mejora de los m\u00fasculos perineales y las disfunciones del suelo p\u00e9lvico.<\/p>\n<p>Ayuda a mejorar la estabilidad i la flexibilidad. Ideal para mantener el equilibrio.<\/p>\n<p>Gran herramienta para terapias f\u00edsicas como los estiramientos de la columna tor\u00e1cica y las lumbares.<\/p>\n","protected":false},"excerpt":{"rendered":"<p><strong>Yoga Tronco<\/strong><\/p>\n<p>M\u00e9todo propioceptivo para la rehabilitaci\u00f3n, tonificaci\u00f3n y mejora de los m\u00fasculos perineales y las disfunciones del suelo p\u00e9lvico.<\/p>\n","protected":false},"featured_media":2942,"comment_status":"open","ping_status":"closed","template":"","meta":[],"product_cat":[84],"product_tag":[],"class_list":["post-2681","product","type-product","status-publish","has-post-thumbnail","hentry","product_cat-yoga-es"],"_links":{"self":[{"href":"https:\/\/corknplay.com\/es\/wp-json\/wp\/v2\/product\/2681","targetHints":{"allow":["GET"]}}],"collection":[{"href":"https:\/\/corknplay.com\/es\/wp-json\/wp\/v2\/product"}],"about":[{"href":"https:\/\/corknplay.com\/es\/wp-json\/wp\/v2\/types\/product"}],"replies":[{"embeddable":true,"href":"https:\/\/corknplay.com\/es\/wp-json\/wp\/v2\/comments?post=2681"}],"wp:featuredmedia":[{"embeddable":true,"href":"https:\/\/corknplay.com\/es\/wp-json\/wp\/v2\/media\/2942"}],"wp:attachment":[{"href":"https:\/\/corknplay.com\/es\/wp-json\/wp\/v2\/media?parent=2681"}],"wp:term":[{"taxonomy":"product_cat","embeddable":true,"href":"https:\/\/corknplay.com\/es\/wp-json\/wp\/v2\/product_cat?post=2681"},{"taxonomy":"product_tag","embeddable":true,"href":"https:\/\/corknplay.com\/es\/wp-json\/wp\/v2\/product_tag?post=2681"}],"curies":[{"name":"wp","href":"https:\/\/api.w.org\/{rel}","templated":true}]}}