{"id":2674,"date":"2021-10-07T13:25:25","date_gmt":"2021-10-07T11:25:25","guid":{"rendered":"https:\/\/corknplay.com\/product\/yoga-block-petit\/"},"modified":"2021-12-12T19:30:52","modified_gmt":"2021-12-12T17:30:52","slug":"yoga-block-pequeno","status":"publish","type":"product","link":"https:\/\/corknplay.com\/es\/producto\/yoga-block-pequeno\/","title":{"rendered":"Yoga Block Peque\u00f1o"},"content":{"rendered":"<p>Medidas: 23x12x7,5<br \/>\nPeso: 367 gramos<\/p>\n<p>Para la pr\u00e1ctica del yoga proporciona la estabilidad necesaria para conseguir un mejor equilibrio, una alineaci\u00f3n apropiada y unas posturas m\u00e1s profundas.<\/p>\n<p>La superficie lisa del block hace que sea m\u00e1s f\u00e1cil de agarrar e impide que resbale.<\/p>\n<p>Las esquinas redondeadas evitan los puntos de presi\u00f3n y aseguran que los blocks se adaptan bien en tus manos.                                                             <\/p>\n","protected":false},"excerpt":{"rendered":"<p><strong>Yoga Block Peque\u00f1o<\/strong><\/p>\n<p>Para la pr\u00e1ctica del yoga proporciona la estabilidad necesaria para conseguir un mejor equilibrio, una alineaci\u00f3n apropiada y unas posturas m\u00e1s profundas.<\/p>\n","protected":false},"featured_media":2888,"comment_status":"open","ping_status":"closed","template":"","meta":[],"product_cat":[84],"product_tag":[],"class_list":["post-2674","product","type-product","status-publish","has-post-thumbnail","hentry","product_cat-yoga-es"],"_links":{"self":[{"href":"https:\/\/corknplay.com\/es\/wp-json\/wp\/v2\/product\/2674","targetHints":{"allow":["GET"]}}],"collection":[{"href":"https:\/\/corknplay.com\/es\/wp-json\/wp\/v2\/product"}],"about":[{"href":"https:\/\/corknplay.com\/es\/wp-json\/wp\/v2\/types\/product"}],"replies":[{"embeddable":true,"href":"https:\/\/corknplay.com\/es\/wp-json\/wp\/v2\/comments?post=2674"}],"wp:featuredmedia":[{"embeddable":true,"href":"https:\/\/corknplay.com\/es\/wp-json\/wp\/v2\/media\/2888"}],"wp:attachment":[{"href":"https:\/\/corknplay.com\/es\/wp-json\/wp\/v2\/media?parent=2674"}],"wp:term":[{"taxonomy":"product_cat","embeddable":true,"href":"https:\/\/corknplay.com\/es\/wp-json\/wp\/v2\/product_cat?post=2674"},{"taxonomy":"product_tag","embeddable":true,"href":"https:\/\/corknplay.com\/es\/wp-json\/wp\/v2\/product_tag?post=2674"}],"curies":[{"name":"wp","href":"https:\/\/api.w.org\/{rel}","templated":true}]}}