{"id":2672,"date":"2021-10-05T14:00:56","date_gmt":"2021-10-05T12:00:56","guid":{"rendered":"https:\/\/corknplay.com\/product\/yoga-roll-40x10\/"},"modified":"2021-12-12T19:28:46","modified_gmt":"2021-12-12T17:28:46","slug":"yoga-roll-40x10","status":"publish","type":"product","link":"https:\/\/corknplay.com\/es\/producto\/yoga-roll-40x10\/","title":{"rendered":"Yoga Roll 40&#215;10"},"content":{"rendered":"<p>Medidas: 40&#215;10<br \/>\nPeso: 752 gramos<\/p>\n<p>Los rolls te permitir\u00e1n mejorar tus rutinas de yoga haci\u00e9ndolas m\u00e1s din\u00e1micas. <\/p>\n<p>Para la recuperaci\u00f3n de deportes de resistencia te ayuda a aumentar el flujo sangu\u00edneo, reduce la tensi\u00f3n y restaura la movilidad de las articulaciones.<\/p>\n<p>Para todo tipo de entrenamientos el roll hace  que mejore el rango de movimiento, previenen las lesiones, corrigen los posibles desequilibrios musculares y eliminan las contracturas.<\/p>\n","protected":false},"excerpt":{"rendered":"<p><strong>Yoga Roll 40&#215;10<\/strong><\/p>\n<p>Los rolls te permitir\u00e1n mejorar tus rutinas de yoga haci\u00e9ndolas m\u00e1s din\u00e1micas. <\/p>\n","protected":false},"featured_media":3039,"comment_status":"open","ping_status":"closed","template":"","meta":[],"product_cat":[84],"product_tag":[],"class_list":["post-2672","product","type-product","status-publish","has-post-thumbnail","hentry","product_cat-yoga-es"],"_links":{"self":[{"href":"https:\/\/corknplay.com\/es\/wp-json\/wp\/v2\/product\/2672","targetHints":{"allow":["GET"]}}],"collection":[{"href":"https:\/\/corknplay.com\/es\/wp-json\/wp\/v2\/product"}],"about":[{"href":"https:\/\/corknplay.com\/es\/wp-json\/wp\/v2\/types\/product"}],"replies":[{"embeddable":true,"href":"https:\/\/corknplay.com\/es\/wp-json\/wp\/v2\/comments?post=2672"}],"wp:featuredmedia":[{"embeddable":true,"href":"https:\/\/corknplay.com\/es\/wp-json\/wp\/v2\/media\/3039"}],"wp:attachment":[{"href":"https:\/\/corknplay.com\/es\/wp-json\/wp\/v2\/media?parent=2672"}],"wp:term":[{"taxonomy":"product_cat","embeddable":true,"href":"https:\/\/corknplay.com\/es\/wp-json\/wp\/v2\/product_cat?post=2672"},{"taxonomy":"product_tag","embeddable":true,"href":"https:\/\/corknplay.com\/es\/wp-json\/wp\/v2\/product_tag?post=2672"}],"curies":[{"name":"wp","href":"https:\/\/api.w.org\/{rel}","templated":true}]}}