{"id":2668,"date":"2018-01-10T16:10:40","date_gmt":"2018-01-10T14:10:40","guid":{"rendered":"https:\/\/corknplay.com\/product\/yoga-roll-45x15\/"},"modified":"2021-12-12T19:27:59","modified_gmt":"2021-12-12T17:27:59","slug":"yoga-roll-45x15","status":"publish","type":"product","link":"https:\/\/corknplay.com\/es\/producto\/yoga-roll-45x15\/","title":{"rendered":"Yoga Roll 45&#215;15"},"content":{"rendered":"<p>Medidas: 45&#215;15<br \/>\nPeso: 2.425 gramos<\/p>\n<p>Los rolls te permitir\u00e1n mejorar tus rutinas de yoga haci\u00e9ndolas m\u00e1s din\u00e1micas. <\/p>\n<p>Para la recuperaci\u00f3n de deportes de resistencia te ayuda a aumentar el flujo sangu\u00edneo, reduce la tensi\u00f3n y restaura la movilidad de las articulaciones.<\/p>\n<p>Para todo tipo de entrenamientos el roll hace  que mejore el rango de movimiento, previenen las lesiones, corrigen los posibles desequilibrios musculares y eliminan las contracturas.<\/p>\n","protected":false},"excerpt":{"rendered":"<p><strong>Yoga Roll 45&#215;15<\/strong><\/p>\n<p>Los rolls te permitir\u00e1n mejorar tus rutinas de yoga haci\u00e9ndolas m\u00e1s din\u00e1micas. <\/p>\n","protected":false},"featured_media":3039,"comment_status":"open","ping_status":"closed","template":"","meta":[],"product_cat":[89,84],"product_tag":[],"class_list":["post-2668","product","type-product","status-publish","has-post-thumbnail","hentry","product_cat-destacados-yoga","product_cat-yoga-es","product_shipping_class-europe-es"],"_links":{"self":[{"href":"https:\/\/corknplay.com\/es\/wp-json\/wp\/v2\/product\/2668","targetHints":{"allow":["GET"]}}],"collection":[{"href":"https:\/\/corknplay.com\/es\/wp-json\/wp\/v2\/product"}],"about":[{"href":"https:\/\/corknplay.com\/es\/wp-json\/wp\/v2\/types\/product"}],"replies":[{"embeddable":true,"href":"https:\/\/corknplay.com\/es\/wp-json\/wp\/v2\/comments?post=2668"}],"wp:featuredmedia":[{"embeddable":true,"href":"https:\/\/corknplay.com\/es\/wp-json\/wp\/v2\/media\/3039"}],"wp:attachment":[{"href":"https:\/\/corknplay.com\/es\/wp-json\/wp\/v2\/media?parent=2668"}],"wp:term":[{"taxonomy":"product_cat","embeddable":true,"href":"https:\/\/corknplay.com\/es\/wp-json\/wp\/v2\/product_cat?post=2668"},{"taxonomy":"product_tag","embeddable":true,"href":"https:\/\/corknplay.com\/es\/wp-json\/wp\/v2\/product_tag?post=2668"}],"curies":[{"name":"wp","href":"https:\/\/api.w.org\/{rel}","templated":true}]}}