{"id":2658,"date":"2021-12-02T16:55:59","date_gmt":"2021-12-02T14:55:59","guid":{"rendered":"https:\/\/corknplay.com\/product\/castellers-cork\/"},"modified":"2021-12-12T19:10:48","modified_gmt":"2021-12-12T17:10:48","slug":"castellers-cork","status":"publish","type":"product","link":"https:\/\/corknplay.com\/es\/producto\/castellers-cork\/","title":{"rendered":"Castellers cork"},"content":{"rendered":"<p>Medidas sphera: 60<br \/>\nPeso sphera: 27 gramos<\/p>\n<p>Es un juego de construcci\u00f3n pensada para la mejora de la coordinaci\u00f3n i el equilibrio.<\/p>\n<p>El juego libre permite desarrollar la imaginaci\u00f3n i la creatividad de los m\u00e1s peque\u00f1os. <\/p>\n","protected":false},"excerpt":{"rendered":"<p><strong>Castellers cork<\/strong><\/p>\n<p>Es un juego de construcci\u00f3n pensada para la mejora de la coordinaci\u00f3n i el equilibrio.<\/p>\n","protected":false},"featured_media":3114,"comment_status":"open","ping_status":"closed","template":"","meta":[],"product_cat":[83,85],"product_tag":[],"class_list":["post-2658","product","type-product","status-publish","has-post-thumbnail","hentry","product_cat-destacados-kids","product_cat-kids-es"],"_links":{"self":[{"href":"https:\/\/corknplay.com\/es\/wp-json\/wp\/v2\/product\/2658","targetHints":{"allow":["GET"]}}],"collection":[{"href":"https:\/\/corknplay.com\/es\/wp-json\/wp\/v2\/product"}],"about":[{"href":"https:\/\/corknplay.com\/es\/wp-json\/wp\/v2\/types\/product"}],"replies":[{"embeddable":true,"href":"https:\/\/corknplay.com\/es\/wp-json\/wp\/v2\/comments?post=2658"}],"wp:featuredmedia":[{"embeddable":true,"href":"https:\/\/corknplay.com\/es\/wp-json\/wp\/v2\/media\/3114"}],"wp:attachment":[{"href":"https:\/\/corknplay.com\/es\/wp-json\/wp\/v2\/media?parent=2658"}],"wp:term":[{"taxonomy":"product_cat","embeddable":true,"href":"https:\/\/corknplay.com\/es\/wp-json\/wp\/v2\/product_cat?post=2658"},{"taxonomy":"product_tag","embeddable":true,"href":"https:\/\/corknplay.com\/es\/wp-json\/wp\/v2\/product_tag?post=2658"}],"curies":[{"name":"wp","href":"https:\/\/api.w.org\/{rel}","templated":true}]}}