{"id":2652,"date":"2021-12-02T16:00:26","date_gmt":"2021-12-02T14:00:26","guid":{"rendered":"https:\/\/corknplay.com\/product\/cork-bowling\/"},"modified":"2021-12-12T19:06:21","modified_gmt":"2021-12-12T17:06:21","slug":"bolos","status":"publish","type":"product","link":"https:\/\/corknplay.com\/es\/producto\/bolos\/","title":{"rendered":"Bolos"},"content":{"rendered":"<p>Medidas bolos: 18&#215;5<br \/>\nMedidas pelota: 80<br \/>\nPeso bolos: 105 gramos unidad<br \/>\nPeso pelota: 68 gramos<\/p>\n<p>Los bolos es un juego de coordinaci\u00f3n que consiste en colocar los tres bolos en la posici\u00f3n inicial i tirando la pelota se tiene que hacer caer el m\u00e1ximo nombre de bolos.<\/p>\n<p>Con este juego practicaremos la fuerza, la punter\u00eda y la concentraci\u00f3n. <\/p>\n","protected":false},"excerpt":{"rendered":"<p><strong>Bolos<\/strong><\/p>\n<p>Los bolos es un juego de coordinaci\u00f3n que consiste en colocar los tres bolos en la posici\u00f3n inicial i tirando la pelota se tiene que hacer caer el m\u00e1ximo nombre de bolos.<\/p>\n","protected":false},"featured_media":3123,"comment_status":"open","ping_status":"closed","template":"","meta":[],"product_cat":[83,85],"product_tag":[],"class_list":["post-2652","product","type-product","status-publish","has-post-thumbnail","hentry","product_cat-destacados-kids","product_cat-kids-es"],"_links":{"self":[{"href":"https:\/\/corknplay.com\/es\/wp-json\/wp\/v2\/product\/2652","targetHints":{"allow":["GET"]}}],"collection":[{"href":"https:\/\/corknplay.com\/es\/wp-json\/wp\/v2\/product"}],"about":[{"href":"https:\/\/corknplay.com\/es\/wp-json\/wp\/v2\/types\/product"}],"replies":[{"embeddable":true,"href":"https:\/\/corknplay.com\/es\/wp-json\/wp\/v2\/comments?post=2652"}],"wp:featuredmedia":[{"embeddable":true,"href":"https:\/\/corknplay.com\/es\/wp-json\/wp\/v2\/media\/3123"}],"wp:attachment":[{"href":"https:\/\/corknplay.com\/es\/wp-json\/wp\/v2\/media?parent=2652"}],"wp:term":[{"taxonomy":"product_cat","embeddable":true,"href":"https:\/\/corknplay.com\/es\/wp-json\/wp\/v2\/product_cat?post=2652"},{"taxonomy":"product_tag","embeddable":true,"href":"https:\/\/corknplay.com\/es\/wp-json\/wp\/v2\/product_tag?post=2652"}],"curies":[{"name":"wp","href":"https:\/\/api.w.org\/{rel}","templated":true}]}}