{"id":2650,"date":"2021-12-02T15:34:01","date_gmt":"2021-12-02T13:34:01","guid":{"rendered":"https:\/\/corknplay.com\/product\/dau\/"},"modified":"2021-12-12T19:05:04","modified_gmt":"2021-12-12T17:05:04","slug":"dado","status":"publish","type":"product","link":"https:\/\/corknplay.com\/es\/producto\/dado\/","title":{"rendered":"Dado"},"content":{"rendered":"<p>Medidas: 7&#215;7<br \/>\nPeso: 80 gramos<\/p>\n<p>Dise\u00f1ado para guarder\u00edas y escuelas los dados de  corcho son ideales para aprender los n\u00fameros de forma sencilla. Solamente hay que tirar el dado y esperar para saber que numero sale.<\/p>\n<p>Como el corcho es un material ligero no hace falta mucha fuerza para tirarlo.<\/p>\n<p>Al ser una sola pieza compacta no se destruye.<\/p>\n<p>No hace ruido al impactar con el suelo despu\u00e9s de cada tirada y por tanto no molesta.<\/p>\n","protected":false},"excerpt":{"rendered":"<p><strong>Dado<\/strong><\/p>\n<p>Dise\u00f1ado para guarder\u00edas y escuelas los dados de  corcho son ideales para aprender los n\u00fameros de forma sencilla. Solamente hay que tirar el dado y esperar para saber que numero sale.<\/p>\n","protected":false},"featured_media":3061,"comment_status":"open","ping_status":"closed","template":"","meta":[],"product_cat":[85],"product_tag":[],"class_list":["post-2650","product","type-product","status-publish","has-post-thumbnail","hentry","product_cat-kids-es"],"_links":{"self":[{"href":"https:\/\/corknplay.com\/es\/wp-json\/wp\/v2\/product\/2650","targetHints":{"allow":["GET"]}}],"collection":[{"href":"https:\/\/corknplay.com\/es\/wp-json\/wp\/v2\/product"}],"about":[{"href":"https:\/\/corknplay.com\/es\/wp-json\/wp\/v2\/types\/product"}],"replies":[{"embeddable":true,"href":"https:\/\/corknplay.com\/es\/wp-json\/wp\/v2\/comments?post=2650"}],"wp:featuredmedia":[{"embeddable":true,"href":"https:\/\/corknplay.com\/es\/wp-json\/wp\/v2\/media\/3061"}],"wp:attachment":[{"href":"https:\/\/corknplay.com\/es\/wp-json\/wp\/v2\/media?parent=2650"}],"wp:term":[{"taxonomy":"product_cat","embeddable":true,"href":"https:\/\/corknplay.com\/es\/wp-json\/wp\/v2\/product_cat?post=2650"},{"taxonomy":"product_tag","embeddable":true,"href":"https:\/\/corknplay.com\/es\/wp-json\/wp\/v2\/product_tag?post=2650"}],"curies":[{"name":"wp","href":"https:\/\/api.w.org\/{rel}","templated":true}]}}