{"id":2646,"date":"2021-12-02T16:10:57","date_gmt":"2021-12-02T14:10:57","guid":{"rendered":"https:\/\/corknplay.com\/product\/cotxe-de-competicio\/"},"modified":"2022-02-22T12:02:57","modified_gmt":"2022-02-22T10:02:57","slug":"coche-de-carreras","status":"publish","type":"product","link":"https:\/\/corknplay.com\/es\/producto\/coche-de-carreras\/","title":{"rendered":"Coche de carreras"},"content":{"rendered":"<p>Medidas: 14x8x3,8<br \/>\nPeso: 110 gramos<\/p>\n<p>Dise\u00f1ado para estimular la orientaci\u00f3n espacial y las capacidades motrices.<\/p>\n<p>Es un juguete fant\u00e1stico para jugar y experimentar.<\/p>\n<p>Compite con tus amigos y s\u00e9 el m\u00e1s r\u00e1pido.<\/p>\n","protected":false},"excerpt":{"rendered":"<p><strong> Coche de carreras<\/strong><\/p>\n<p>Dise\u00f1ado para estimular la orientaci\u00f3n espacial y las capacidades motrices.<\/p>\n","protected":false},"featured_media":3090,"comment_status":"open","ping_status":"closed","template":"","meta":[],"product_cat":[83,85],"product_tag":[],"class_list":["post-2646","product","type-product","status-publish","has-post-thumbnail","hentry","product_cat-destacados-kids","product_cat-kids-es"],"_links":{"self":[{"href":"https:\/\/corknplay.com\/es\/wp-json\/wp\/v2\/product\/2646","targetHints":{"allow":["GET"]}}],"collection":[{"href":"https:\/\/corknplay.com\/es\/wp-json\/wp\/v2\/product"}],"about":[{"href":"https:\/\/corknplay.com\/es\/wp-json\/wp\/v2\/types\/product"}],"replies":[{"embeddable":true,"href":"https:\/\/corknplay.com\/es\/wp-json\/wp\/v2\/comments?post=2646"}],"wp:featuredmedia":[{"embeddable":true,"href":"https:\/\/corknplay.com\/es\/wp-json\/wp\/v2\/media\/3090"}],"wp:attachment":[{"href":"https:\/\/corknplay.com\/es\/wp-json\/wp\/v2\/media?parent=2646"}],"wp:term":[{"taxonomy":"product_cat","embeddable":true,"href":"https:\/\/corknplay.com\/es\/wp-json\/wp\/v2\/product_cat?post=2646"},{"taxonomy":"product_tag","embeddable":true,"href":"https:\/\/corknplay.com\/es\/wp-json\/wp\/v2\/product_tag?post=2646"}],"curies":[{"name":"wp","href":"https:\/\/api.w.org\/{rel}","templated":true}]}}