{"id":2631,"date":"2021-12-02T14:58:14","date_gmt":"2021-12-02T12:58:14","guid":{"rendered":"https:\/\/corknplay.com\/product\/semi-sphera\/"},"modified":"2021-12-12T18:52:29","modified_gmt":"2021-12-12T16:52:29","slug":"semi-sphera","status":"publish","type":"product","link":"https:\/\/corknplay.com\/es\/producto\/semi-sphera\/","title":{"rendered":"Semi sphera"},"content":{"rendered":"<p>Medidas: 60<br \/>\nPeso: 27 gramos<\/p>\n<p>Desarrolla la imaginaci\u00f3n y la creaci\u00f3n construyendo estructuras de todas las medidas y formas posibles. Haz un castillo, haz un muro, haz cualquier dise\u00f1o.<\/p>\n<p>Aprendizaje del equilibrio entre piezas.<\/p>\n<p>El corcho proporciona gran estabilidad a la hora de hacer figuras gracias a que es un material muy adherente.                                                                          <\/p>\n","protected":false},"excerpt":{"rendered":"<p><strong>Semi Sphera<\/strong><\/p>\n<p>Desarrolla la imaginaci\u00f3n y la creaci\u00f3n construyendo estructuras de todas las medidas y formas posibles. Haz un castillo, haz un muro, haz cualquier dise\u00f1o.<\/p>\n","protected":false},"featured_media":2391,"comment_status":"open","ping_status":"closed","template":"","meta":[],"product_cat":[85],"product_tag":[],"class_list":["post-2631","product","type-product","status-publish","has-post-thumbnail","hentry","product_cat-kids-es"],"_links":{"self":[{"href":"https:\/\/corknplay.com\/es\/wp-json\/wp\/v2\/product\/2631","targetHints":{"allow":["GET"]}}],"collection":[{"href":"https:\/\/corknplay.com\/es\/wp-json\/wp\/v2\/product"}],"about":[{"href":"https:\/\/corknplay.com\/es\/wp-json\/wp\/v2\/types\/product"}],"replies":[{"embeddable":true,"href":"https:\/\/corknplay.com\/es\/wp-json\/wp\/v2\/comments?post=2631"}],"wp:featuredmedia":[{"embeddable":true,"href":"https:\/\/corknplay.com\/es\/wp-json\/wp\/v2\/media\/2391"}],"wp:attachment":[{"href":"https:\/\/corknplay.com\/es\/wp-json\/wp\/v2\/media?parent=2631"}],"wp:term":[{"taxonomy":"product_cat","embeddable":true,"href":"https:\/\/corknplay.com\/es\/wp-json\/wp\/v2\/product_cat?post=2631"},{"taxonomy":"product_tag","embeddable":true,"href":"https:\/\/corknplay.com\/es\/wp-json\/wp\/v2\/product_tag?post=2631"}],"curies":[{"name":"wp","href":"https:\/\/api.w.org\/{rel}","templated":true}]}}