{"id":2614,"date":"2021-12-01T14:05:04","date_gmt":"2021-12-01T12:05:04","guid":{"rendered":"https:\/\/corknplay.com\/product\/piramid-groc-i-marro-copia\/"},"modified":"2021-12-12T18:12:42","modified_gmt":"2021-12-12T16:12:42","slug":"piramid-amarillo-y-marron","status":"publish","type":"product","link":"https:\/\/corknplay.com\/es\/producto\/piramid-amarillo-y-marron\/","title":{"rendered":"Piramid amarillo y marr\u00f3n"},"content":{"rendered":"<p>Medidas: 7&#215;3,5&#215;3,5<br \/>\nPeso: 11 gramos<br \/>\nColor: amarillo y marr\u00f3n<\/p>\n<p>Desarrolla la imaginaci\u00f3n y la creaci\u00f3n construyendo estructuras de todas las medidas y formas posibles. Haz un castillo, haz un muro, haz cualquier dise\u00f1o.<\/p>\n<p>Los blocks sirven para fomentar la creatividad constructiva.<\/p>\n<p>Aprendizaje del equilibrio entre piezas.<\/p>\n<p>El corcho proporciona gran estabilidad a la hora de hacer figuras gracias a que es un material muy adherente.  <\/p>\n","protected":false},"excerpt":{"rendered":"<p><strong>Piramid amarillo y marr\u00f3n<\/strong><\/p>\n<p>Desarrolla la imaginaci\u00f3n y la creaci\u00f3n construyendo estructuras de todas las medidas y formas posibles. Haz un castillo, haz un muro, haz cualquier dise\u00f1o.<\/p>\n","protected":false},"featured_media":2369,"comment_status":"open","ping_status":"closed","template":"","meta":[],"product_cat":[85],"product_tag":[],"class_list":["post-2614","product","type-product","status-publish","has-post-thumbnail","hentry","product_cat-kids-es"],"_links":{"self":[{"href":"https:\/\/corknplay.com\/es\/wp-json\/wp\/v2\/product\/2614","targetHints":{"allow":["GET"]}}],"collection":[{"href":"https:\/\/corknplay.com\/es\/wp-json\/wp\/v2\/product"}],"about":[{"href":"https:\/\/corknplay.com\/es\/wp-json\/wp\/v2\/types\/product"}],"replies":[{"embeddable":true,"href":"https:\/\/corknplay.com\/es\/wp-json\/wp\/v2\/comments?post=2614"}],"wp:featuredmedia":[{"embeddable":true,"href":"https:\/\/corknplay.com\/es\/wp-json\/wp\/v2\/media\/2369"}],"wp:attachment":[{"href":"https:\/\/corknplay.com\/es\/wp-json\/wp\/v2\/media?parent=2614"}],"wp:term":[{"taxonomy":"product_cat","embeddable":true,"href":"https:\/\/corknplay.com\/es\/wp-json\/wp\/v2\/product_cat?post=2614"},{"taxonomy":"product_tag","embeddable":true,"href":"https:\/\/corknplay.com\/es\/wp-json\/wp\/v2\/product_tag?post=2614"}],"curies":[{"name":"wp","href":"https:\/\/api.w.org\/{rel}","templated":true}]}}