{"id":2610,"date":"2021-12-01T13:54:20","date_gmt":"2021-12-01T11:54:20","guid":{"rendered":"https:\/\/corknplay.com\/product\/piramid-natural\/"},"modified":"2021-12-12T18:06:29","modified_gmt":"2021-12-12T16:06:29","slug":"piramid-natural","status":"publish","type":"product","link":"https:\/\/corknplay.com\/es\/producto\/piramid-natural\/","title":{"rendered":"Piramid Natural"},"content":{"rendered":"<p>Medidas: 7&#215;3,5&#215;3,5<br \/>\nPeso: 20 gramos<\/p>\n<p>Desarrolla la imaginaci\u00f3n y la creaci\u00f3n construyendo estructuras de todas las medidas y formas posibles. Haz un castillo, haz un muro, haz cualquier dise\u00f1o.<\/p>\n<p>Los blocks sirven para fomentar la creatividad constructiva.<\/p>\n<p>Aprendizaje del equilibrio entre piezas.<\/p>\n<p>El corcho proporciona gran estabilidad a la hora de hacer figuras gracias a que es un material muy adherente.  <\/p>\n","protected":false},"excerpt":{"rendered":"<p><strong>Piramid natural<\/strong><\/p>\n<p>Desarrolla la imaginaci\u00f3n y la creaci\u00f3n construyendo estructuras de todas las medidas y formas posibles. Haz un castillo, haz un muro, haz cualquier dise\u00f1o.<\/p>\n","protected":false},"featured_media":2357,"comment_status":"open","ping_status":"closed","template":"","meta":[],"product_cat":[85],"product_tag":[],"class_list":["post-2610","product","type-product","status-publish","has-post-thumbnail","hentry","product_cat-kids-es"],"_links":{"self":[{"href":"https:\/\/corknplay.com\/es\/wp-json\/wp\/v2\/product\/2610","targetHints":{"allow":["GET"]}}],"collection":[{"href":"https:\/\/corknplay.com\/es\/wp-json\/wp\/v2\/product"}],"about":[{"href":"https:\/\/corknplay.com\/es\/wp-json\/wp\/v2\/types\/product"}],"replies":[{"embeddable":true,"href":"https:\/\/corknplay.com\/es\/wp-json\/wp\/v2\/comments?post=2610"}],"wp:featuredmedia":[{"embeddable":true,"href":"https:\/\/corknplay.com\/es\/wp-json\/wp\/v2\/media\/2357"}],"wp:attachment":[{"href":"https:\/\/corknplay.com\/es\/wp-json\/wp\/v2\/media?parent=2610"}],"wp:term":[{"taxonomy":"product_cat","embeddable":true,"href":"https:\/\/corknplay.com\/es\/wp-json\/wp\/v2\/product_cat?post=2610"},{"taxonomy":"product_tag","embeddable":true,"href":"https:\/\/corknplay.com\/es\/wp-json\/wp\/v2\/product_tag?post=2610"}],"curies":[{"name":"wp","href":"https:\/\/api.w.org\/{rel}","templated":true}]}}