{"id":2608,"date":"2021-12-01T13:52:24","date_gmt":"2021-12-01T11:52:24","guid":{"rendered":"https:\/\/corknplay.com\/product\/cub\/"},"modified":"2023-01-12T17:12:33","modified_gmt":"2023-01-12T15:12:33","slug":"cubo","status":"publish","type":"product","link":"https:\/\/corknplay.com\/es\/producto\/cubo\/","title":{"rendered":"Cubo"},"content":{"rendered":"<p>Medidas: 50x50x50mm<br \/>\nPeso: 10 gramos<\/p>\n<p>Desarrolla la imaginaci\u00f3n y la creaci\u00f3n construyendo estructuras de todas las medidas y formas posibles. Haz un castillo, haz un muro, haz cualquier dise\u00f1o.<\/p>\n<p>Los blocks sirven para fomentar la creatividad constructiva.<\/p>\n<p>Aprendizaje del equilibrio entre piezas.<\/p>\n<p>El corcho proporciona gran estabilidad a la hora de hacer figuras gracias a que es un material muy adherente.  <\/p>\n","protected":false},"excerpt":{"rendered":"<p><strong>Cubo<\/strong><\/p>\n<p>Desarrolla la imaginaci\u00f3n y la creaci\u00f3n construyendo estructuras de todas las medidas y formas posibles. Haz un castillo, haz un muro, haz cualquier dise\u00f1o.<\/p>\n","protected":false},"featured_media":2355,"comment_status":"open","ping_status":"closed","template":"","meta":[],"product_cat":[85],"product_tag":[],"class_list":["post-2608","product","type-product","status-publish","has-post-thumbnail","hentry","product_cat-kids-es"],"_links":{"self":[{"href":"https:\/\/corknplay.com\/es\/wp-json\/wp\/v2\/product\/2608","targetHints":{"allow":["GET"]}}],"collection":[{"href":"https:\/\/corknplay.com\/es\/wp-json\/wp\/v2\/product"}],"about":[{"href":"https:\/\/corknplay.com\/es\/wp-json\/wp\/v2\/types\/product"}],"replies":[{"embeddable":true,"href":"https:\/\/corknplay.com\/es\/wp-json\/wp\/v2\/comments?post=2608"}],"wp:featuredmedia":[{"embeddable":true,"href":"https:\/\/corknplay.com\/es\/wp-json\/wp\/v2\/media\/2355"}],"wp:attachment":[{"href":"https:\/\/corknplay.com\/es\/wp-json\/wp\/v2\/media?parent=2608"}],"wp:term":[{"taxonomy":"product_cat","embeddable":true,"href":"https:\/\/corknplay.com\/es\/wp-json\/wp\/v2\/product_cat?post=2608"},{"taxonomy":"product_tag","embeddable":true,"href":"https:\/\/corknplay.com\/es\/wp-json\/wp\/v2\/product_tag?post=2608"}],"curies":[{"name":"wp","href":"https:\/\/api.w.org\/{rel}","templated":true}]}}