{"id":2598,"date":"2021-12-01T12:49:32","date_gmt":"2021-12-01T10:49:32","guid":{"rendered":"https:\/\/corknplay.com\/product\/block-2-colors\/"},"modified":"2021-12-12T17:53:30","modified_gmt":"2021-12-12T15:53:30","slug":"block-2-colores","status":"publish","type":"product","link":"https:\/\/corknplay.com\/es\/producto\/block-2-colores\/","title":{"rendered":"Block 2 colores"},"content":{"rendered":"<p>Medidas: 7x7x3,7<br \/>\nPeso:  48 gramos<br \/>\nColor: blanco y marr\u00f3n<\/p>\n<p>Desarrolla la imaginaci\u00f3n y la creaci\u00f3n construyendo estructuras de todas las medidas y formas posibles. Haz un castillo, haz un muro, haz cualquier dise\u00f1o.<\/p>\n<p>Los blocks sirven para fomentar la creatividad constructiva.<\/p>\n<p>Aprendizaje del equilibrio entre piezas.<\/p>\n<p>El corcho proporciona gran estabilidad a la hora de hacer figuras gracias a que es un material muy adherente.                                           <\/p>\n","protected":false},"excerpt":{"rendered":"<p><strong>Block 2 colores<\/strong><\/p>\n<p>Desarrolla la imaginaci\u00f3n y la creaci\u00f3n construyendo estructuras de todas las medidas y formas posibles. Haz un castillo, haz un muro, haz cualquier dise\u00f1o.<\/p>\n","protected":false},"featured_media":2325,"comment_status":"open","ping_status":"closed","template":"","meta":[],"product_cat":[85],"product_tag":[],"class_list":["post-2598","product","type-product","status-publish","has-post-thumbnail","hentry","product_cat-kids-es"],"_links":{"self":[{"href":"https:\/\/corknplay.com\/es\/wp-json\/wp\/v2\/product\/2598","targetHints":{"allow":["GET"]}}],"collection":[{"href":"https:\/\/corknplay.com\/es\/wp-json\/wp\/v2\/product"}],"about":[{"href":"https:\/\/corknplay.com\/es\/wp-json\/wp\/v2\/types\/product"}],"replies":[{"embeddable":true,"href":"https:\/\/corknplay.com\/es\/wp-json\/wp\/v2\/comments?post=2598"}],"wp:featuredmedia":[{"embeddable":true,"href":"https:\/\/corknplay.com\/es\/wp-json\/wp\/v2\/media\/2325"}],"wp:attachment":[{"href":"https:\/\/corknplay.com\/es\/wp-json\/wp\/v2\/media?parent=2598"}],"wp:term":[{"taxonomy":"product_cat","embeddable":true,"href":"https:\/\/corknplay.com\/es\/wp-json\/wp\/v2\/product_cat?post=2598"},{"taxonomy":"product_tag","embeddable":true,"href":"https:\/\/corknplay.com\/es\/wp-json\/wp\/v2\/product_tag?post=2598"}],"curies":[{"name":"wp","href":"https:\/\/api.w.org\/{rel}","templated":true}]}}