{"id":2491,"date":"2021-12-11T12:54:41","date_gmt":"2021-12-11T10:54:41","guid":{"rendered":"https:\/\/corknplay.com\/?page_id=2491"},"modified":"2021-12-11T13:03:27","modified_gmt":"2021-12-11T11:03:27","slug":"quienes-somos","status":"publish","type":"page","link":"https:\/\/corknplay.com\/es\/quienes-somos\/","title":{"rendered":"Qui\u00e9nes somos"},"content":{"rendered":"<section class=\"wpb-content-wrapper\"><p>[vc_row full_width=&#8221;stretch_row&#8221; hide_bg_image_on_tablet=&#8221;&#8221; hide_bg_image_on_mobile=&#8221;&#8221; css=&#8221;.vc_custom_1533554215009{background-image: url(http:\/\/corknplay.com\/wp-content\/uploads\/2018\/08\/pattent-white-top.png?id=1159) !important;background-position: bottom left !important;background-repeat: no-repeat !important;}&#8221; el_class=&#8221;z-index&#8221;][vc_column icons_position=&#8221;left&#8221;][vc_empty_space height=&#8221;113px&#8221; alter_height=&#8221;none&#8221; hide_on_desktop=&#8221;&#8221; hide_on_notebook=&#8221;1&#8243; hide_on_tablet=&#8221;1&#8243; hide_on_mobile=&#8221;1&#8243;][vc_empty_space height=&#8221;70px&#8221; alter_height=&#8221;none&#8221; hide_on_desktop=&#8221;1&#8243; hide_on_notebook=&#8221;&#8221; hide_on_tablet=&#8221;&#8221; hide_on_mobile=&#8221;&#8221;]<div  id=\"sc_promo_1060682136\" \r\n\tclass=\"sc_promo sc_promo_default sc_promo_size_normal sc_promo_no_paddings sc_promo_image_fit sc_promo_image_position_right\"><div class=\"sc_promo_image\" style=\"background-image:url(https:\/\/corknplay.com\/wp-content\/uploads\/2021\/10\/YOGA-CORK.jpg);width:40%;right: 0;\"><\/div><!-- \/.sc_promo_image --><div class=\"sc_promo_text\" style=\"width: 60%;float: left;\">\r\n\t\t\t<div class=\"sc_promo_text_inner trx_addons_inline_264432125\"><h2 class=\"sc_item_title sc_promo_title sc_align_left sc_item_title_style_default sc_item_title_tag\">Vendemos productos de corcho de alta calidad<\/h2><h6 class=\"sc_item_subtitle sc_promo_subtitle sc_align_left sc_item_title_style_default\"><\/br><\/br>Qui\u00e9nes somos<\/h6><div class=\"sc_item_descr sc_promo_descr sc_align_left\"><p>Quercus2021 es una empresa joven dedicada a la distribuci\u00f3n de productos fabricados con corcho natural. \u00bfY os preguntareis porqu\u00e9 productos hechos con corcho? Pues porqu\u00e9 este es <strong>multi-usos<\/strong>, se puede utilizar para una amplia gama de art\u00edculos, es <strong>reciclable<\/strong>, nos permite darle m\u00e1s de una vida \u00fatil, es <strong>ecol\u00f3gico<\/strong>, respetuoso con el planeta sin emitir gases contaminantes, es <strong>natural<\/strong>, tambi\u00e9n es <strong>sostenible<\/strong>, manteni\u00e9ndose beneficioso para el medio ambiente a lo largo del tiempo y finalmente es <strong>ligero<\/strong>, f\u00e1cilmente transportable y manipulable por diferentes edades.<\/p>\n<p>Despu\u00e9s de una consolidada trayectoria en el mundo del corcho, Quercus2021 se crea con el objetivo de dar a nuestros clientes una alternativa natural. Nuestros frutos nacen gracias al impulso diario de crecimiento y mejora.<\/p>\n<p>Actualmente, disponemos de dos l\u00edneas de productos:<br \/>\n<strong>Yoga Cork:<\/strong> relacionada con la pr\u00e1ctica del yoga, pilates o productos destinados a cualquier ejercicio de recuperaci\u00f3n.<br \/>\n<strong>cork\u2019N\u2019play:<\/strong> destinado al mundo de los juegos infantiles potenciando la capacidad creativa y art\u00edstica de nuestros ni\u00f1os.<\/p>\n<\/div><div class=\"sc_item_button sc_button_wrap sc_align_left\"><a href=\"\/\/corknplay.com\/es\/tienda\" id=\"sc_button_652624833\" class=\"sc_button sc_button_default sc_item_button sc_item_button_default sc_promo_button sc_button_size_normal sc_button_icon_left\"><span class=\"sc_button_text\"><span class=\"sc_button_title\">Comprar<\/span><\/span><!-- \/.sc_button_text --><\/a><!-- \/.sc_button --><\/div><!-- \/.sc_item_button --><\/div>\r\n\t\t<\/div><!-- \/.sc_promo_text --><\/div><!-- \/.sc_promo -->[vc_empty_space height=&#8221;6.5em&#8221; alter_height=&#8221;none&#8221; hide_on_desktop=&#8221;&#8221; hide_on_notebook=&#8221;&#8221; hide_on_tablet=&#8221;&#8221; hide_on_mobile=&#8221;&#8221;][\/vc_column][\/vc_row]<\/p>\n<\/section>","protected":false},"excerpt":{"rendered":"<p>[vc_row full_width=&#8221;stretch_row&#8221; hide_bg_image_on_tablet=&#8221;&#8221; hide_bg_image_on_mobile=&#8221;&#8221; css=&#8221;.vc_custom_1533554215009{background-image: url(http:\/\/corknplay.com\/wp-content\/uploads\/2018\/08\/pattent-white-top.png?id=1159) !important;background-position: bottom left !important;background-repeat: no-repeat !important;}&#8221; el_class=&#8221;z-index&#8221;][vc_column icons_position=&#8221;left&#8221;][vc_empty_space height=&#8221;113px&#8221; alter_height=&#8221;none&#8221; hide_on_desktop=&#8221;&#8221; hide_on_notebook=&#8221;1&#8243; hide_on_tablet=&#8221;1&#8243; hide_on_mobile=&#8221;1&#8243;][vc_empty_space&hellip;<\/p>\n","protected":false},"author":1,"featured_media":0,"parent":0,"menu_order":0,"comment_status":"closed","ping_status":"closed","template":"","meta":{"footnotes":""},"class_list":["post-2491","page","type-page","status-publish","hentry"],"_links":{"self":[{"href":"https:\/\/corknplay.com\/es\/wp-json\/wp\/v2\/pages\/2491","targetHints":{"allow":["GET"]}}],"collection":[{"href":"https:\/\/corknplay.com\/es\/wp-json\/wp\/v2\/pages"}],"about":[{"href":"https:\/\/corknplay.com\/es\/wp-json\/wp\/v2\/types\/page"}],"author":[{"embeddable":true,"href":"https:\/\/corknplay.com\/es\/wp-json\/wp\/v2\/users\/1"}],"replies":[{"embeddable":true,"href":"https:\/\/corknplay.com\/es\/wp-json\/wp\/v2\/comments?post=2491"}],"version-history":[{"count":3,"href":"https:\/\/corknplay.com\/es\/wp-json\/wp\/v2\/pages\/2491\/revisions"}],"predecessor-version":[{"id":2494,"href":"https:\/\/corknplay.com\/es\/wp-json\/wp\/v2\/pages\/2491\/revisions\/2494"}],"wp:attachment":[{"href":"https:\/\/corknplay.com\/es\/wp-json\/wp\/v2\/media?parent=2491"}],"curies":[{"name":"wp","href":"https:\/\/api.w.org\/{rel}","templated":true}]}}